{"id":10,"date":"2024-12-11T10:33:39","date_gmt":"2024-12-11T10:33:39","guid":{"rendered":"https:\/\/jovial-montalcini.45-87-136-2.plesk.page\/?page_id=10"},"modified":"2025-01-09T08:44:27","modified_gmt":"2025-01-09T08:44:27","slug":"home","status":"publish","type":"page","link":"https:\/\/ferienwohnung-an-der-lahn.de\/","title":{"rendered":"Home"},"content":{"rendered":"\n<div class=\"block block-hero\">\n<div class=\"hero \" style=\"background-image: url('https:\/\/ferienwohnung-an-der-lahn.de\/wp-content\/uploads\/2024\/12\/Herbst-Schloss.jpg');\">\n    <div class=\"content-scrim container\">\n        <h1 class=\"display-1\">Ferienwohnung Weilburg an der Lahn<\/h1>\n        <p><\/p>\n        <div class=\"row flex-column flex-md-row gy-3 gx-5 justify-content-md-center\">\n            <div class='col-md-4 col-lg-3'><a class='btn btn-primary btn-lg w-100' href='https:\/\/ferienwohnung-an-der-lahn.de\/index.php\/buchen\/'>Jetzt Buchen<\/a><\/div><div class='col-md-4 col-lg-3'><a class='btn btn-secondary btn-lg w-100' href='#hero-after'>Mehr Erfahren<\/a><\/div>        <\/div>\n    <\/div>\n<\/div>\n<div id=\"hero-after\"><\/div>\n<\/div>\n\n\n\n<div class=\"block fade-me-in\">\n<div class=\"container col-xxl-8 px-4 py-3 \">\n    <div class=\"row flex-lg-row align-items-center g-5 py-5\">\n        <div class=\"col-10 col-sm-8 col-lg-6 d-flex flex-grow-1 justify-content-center\">\n            <img decoding=\"async\" class=\"d-block mx-lg-auto img-fluid\" src=\"https:\/\/ferienwohnung-an-der-lahn.de\/wp-content\/uploads\/2024\/12\/haus.jpg\" loading=\"lazy\" \/>\n        <\/div>\n        <div class=\"col-lg-6\">\n            <h2 class=\"mb-3\"><\/h2>\n            <div class=\"lead\"><p>Eingebettet in die malerische Landschaft von Weilburg an der Lahn hei\u00dft Sie unsere Ferienwohnung herzlich willkommen. Dank der unmittelbaren N\u00e4he zum Lahnpfad eignen sich die Umgebung perfekt f\u00fcr ausgedehnte Spazierg\u00e4nge oder Fahrradtouren. Wer lieber aufs Wasser m\u00f6chte, der kann in unmittelbarer Umgebung Kanus ausleihen. Und auch Kulturfans kommen auf ihre Kosten: In wenigen Gehminuten erreichen Sie das Weilburger Schloss und den historischen Stadtkern, die zu spannenden Entdeckungen einladen.<\/p>\n<\/div>\n        <\/div>\n    <\/div>\n<\/div>\n<\/div>\n\n\n\n<div class=\"block fade-me-in\">\n<div class=\"container col-xxl-8 px-4 py-3 \">\n    <div class=\"row flex-lg-row-reverse align-items-center g-5 py-5\">\n        <div class=\"col-10 col-sm-8 col-lg-6 d-flex flex-grow-1 justify-content-center\">\n            <img decoding=\"async\" class=\"d-block mx-lg-auto img-fluid\" src=\"https:\/\/ferienwohnung-an-der-lahn.de\/wp-content\/uploads\/2024\/12\/kamin6.jpg\" loading=\"lazy\" \/>\n        <\/div>\n        <div class=\"col-lg-6\">\n            <h2 class=\"mb-3\"><\/h2>\n            <div class=\"lead\"><p>Ein <strong>Feuer im Kaminofen<\/strong> sorgt f\u00fcr zus\u00e4tzliche Gem\u00fctlichkeit der fu\u00dfbodenbeheizten R\u00e4ume. Nutzen Sie die Leseecke mit Musikanlage und\/oder das Farb-TV mit DVD-Player.<\/p>\n<\/div>\n        <\/div>\n    <\/div>\n<\/div>\n<\/div>\n\n\n\n<div class=\"block fade-me-in\">\n<div class=\"container col-xxl-8 px-4 py-3 \">\n    <div class=\"row flex-row align-items-center py-5\">\n        <div class=\"lead\">\n<p>Sonstige Ausstattung: K\u00fcche mit 2-flammigen Ceran-Kochfeld, Mikrowelle, K\u00fchlschrank, Sp\u00fclmaschine, Waschmaschine, Trockner, 2. WC, ein PKW-Stellplatz.Ob Sie aktiv die Natur erleben oder auf den Spuren der Kultur wandeln m\u00f6chten &#8211; beides wird m\u00f6glich mit unserem behaglichen Feriendomizil f\u00fcr 2 &#8211; 4 Personen in <strong>Weilburg an der Lahn<\/strong>.<\/p>\n<p>Die <strong>gro\u00dfz\u00fcgige Ferienwohnung in Weilburg mit Balkon<\/strong> (2 R\u00e4ume mit insges. 93 m\u00b2) liegt direkt an der Lahn vis \u00e0 vis des europaweit einzigartigen 3-Tunnel-Systems (Fluss; Bahn; Stra\u00dfe) in einem Haus der Jahrhundertwende. Sie haben einen separaten Eingang und es bestehen Parkm\u00f6glichkeiten.<\/p>\n<p>Sie sind direkt am Lahn-Radwanderweg und k\u00f6nnen bei uns Fahrr\u00e4der unterstellen oder 0,2 Km weiter beim Verleih Dobi-Trans Boote mieten. Zahlreiche Wanderwege (u.a. einer der historischen Jakobswege &#8211; der &#8222;Lahnh\u00f6henweg&#8220;) laden ein, das romantische Lahntal auf Schusters Rappen zu erforschen *.<\/p>\n<p>Von der Ferienwohnung sind Sie aber auch nach 0,3 Km am Bahnhof, und zur denkmalgesch\u00fctzten Altstadt, in der gem\u00fctliche Restaurants zur kulinarischen Einkehr einladen, sind es nur wenige Schritte mehr (0,4 Km). Das kulturelle Angebot der <strong>barocken Residenzstadt<\/strong> umfasst u.a. den von Fachwerkbauten umgebenen Marktplatz mit seinem <strong>Neptunbrunnen<\/strong>, den <strong>terrassenf\u00f6rmigen Schlossgarten<\/strong> und das ~ 300-j\u00e4hrige Schloss mit der Schlosskirche. Hier findet von Juni bis August ein Teil der <strong>Schlosskonzerte<\/strong> statt.<\/p>\n<p>Die \u00dcbrigen als <strong>open-air-Veranstaltungen im Rennaissancehof des Schlosses<\/strong> oder in der Orangerie. Im jedem anderen Fall haben Sie die M\u00f6glichkeit, international renommierte K\u00fcnstler (mit Werken vom Barock bis zur Moderne) getragen von einer wunderbaren Akustik zu erleben.<\/p>\n<p>Ihre Anreise erwarten wir \u00fcblicherweise ab 15:00 Uhr; Abreise bis 11:00 Uhr (wesentlich abweichende Termine k\u00f6nnen abgesprochen werden).<\/p>\n<p>Die Einf\u00fchrung in die Ferienwohnung erfolgt auf Wunsch in deutsch oder englisch.<\/p>\n<p>Wir w\u00fcrden uns freuen, Sie in unserer <strong>Ferienwohnung in Weilburg<\/strong> als Gast begr\u00fcssen zu d\u00fcrfen.<\/p>\n<p>&nbsp;<\/p>\n<p>*Sehensw\u00fcrdigkeiten in der Umgebung: <strong>Kubacher Kristallh\u00f6hle<\/strong>, <strong>Burg Freienfels (Ritterspiele)<\/strong> <strong>Klosterruine Obertiefenbach<\/strong> u.v.m.<\/p>\n<\/div>\n    <\/div>\n<\/div>\n<\/div>\n","protected":false},"excerpt":{"rendered":"<p> [&#8230;]<\/p>\n<p><a class=\"btn btn-secondary understrap-read-more-link\" href=\"https:\/\/ferienwohnung-an-der-lahn.de\/\">Weiterlesen\u00a0\u2026<span class=\"screen-reader-text\"> from Home<\/span><\/a><\/p>\n","protected":false},"author":1,"featured_media":0,"parent":0,"menu_order":0,"comment_status":"closed","ping_status":"closed","template":"page-templates\/empty.php","meta":{"_acf_changed":false,"footnotes":""},"class_list":["post-10","page","type-page","status-publish","hentry"],"acf":[],"_links":{"self":[{"href":"https:\/\/ferienwohnung-an-der-lahn.de\/index.php\/wp-json\/wp\/v2\/pages\/10","targetHints":{"allow":["GET"]}}],"collection":[{"href":"https:\/\/ferienwohnung-an-der-lahn.de\/index.php\/wp-json\/wp\/v2\/pages"}],"about":[{"href":"https:\/\/ferienwohnung-an-der-lahn.de\/index.php\/wp-json\/wp\/v2\/types\/page"}],"author":[{"embeddable":true,"href":"https:\/\/ferienwohnung-an-der-lahn.de\/index.php\/wp-json\/wp\/v2\/users\/1"}],"replies":[{"embeddable":true,"href":"https:\/\/ferienwohnung-an-der-lahn.de\/index.php\/wp-json\/wp\/v2\/comments?post=10"}],"version-history":[{"count":0,"href":"https:\/\/ferienwohnung-an-der-lahn.de\/index.php\/wp-json\/wp\/v2\/pages\/10\/revisions"}],"wp:attachment":[{"href":"https:\/\/ferienwohnung-an-der-lahn.de\/index.php\/wp-json\/wp\/v2\/media?parent=10"}],"curies":[{"name":"wp","href":"https:\/\/api.w.org\/{rel}","templated":true}]}}